{"id":2497,"date":"2024-10-16T17:03:36","date_gmt":"2024-10-16T20:03:36","guid":{"rendered":"https:\/\/ipda.com.uy\/site\/?page_id=2497"},"modified":"2025-07-10T17:20:28","modified_gmt":"2025-07-10T20:20:28","slug":"ipda-paysandu","status":"publish","type":"page","link":"https:\/\/ipda.com.uy\/site\/interior\/ipda-paysandu\/","title":{"rendered":"IPDA Paysand\u00fa"},"content":{"rendered":"\n<div class=\"wp-block-uagb-container uagb-block-83868740 alignfull uagb-is-root-container\">\n<div class=\"wp-block-uagb-container uagb-block-7ea9a9c3\"><\/div>\n\n\n\n<div class=\"wp-block-uagb-container uagb-block-178c8284\">\n<div class=\"wp-block-uagb-info-box uagb-block-5bacd792 uagb-infobox__content-wrap  uagb-infobox-icon-above-title uagb-infobox-image-valign-top wp-block-uagb-info-box--has-margin\"><div class=\"uagb-infobox-margin-wrapper\"><div class=\"uagb-ifb-content\"><div class=\"uagb-ifb-title-wrap\"><h1 class=\"uagb-ifb-title-prefix\">Desde Paysand\u00fa!<\/h1><h2 class=\"uagb-ifb-title\">\u00abLa Voz de la Liberaci\u00f3n\u00bb<\/h2><\/div><p class=\"uagb-ifb-desc\">Transmitimos las 24 horas del d\u00eda con m\u00fasica y Palabra que inspiran e imparten vida!<\/p><\/div><\/div><\/div>\n\n\n\n<iframe loading=\"lazy\" src=\"https:\/\/cloudstream2036.conectarhosting.com\/cp\/widgets\/player\/single\/?p=8248\" height=\"110\" width=\"100%\" scrolling=\"no\" style=\"border:none;\"><\/iframe>\n<\/div>\n<\/div>\n\n\n\n<div class=\"wp-block-uagb-container uagb-block-d2c33a3f alignfull uagb-is-root-container\"><div class=\"uagb-container-inner-blocks-wrap\">\n<div class=\"wp-block-uagb-info-box uagb-block-f309a33f uagb-infobox__content-wrap  uagb-infobox-icon-left-title uagb-infobox-left uagb-infobox-image-valign-middle wp-block-uagb-info-box--has-margin\"><div class=\"uagb-infobox-margin-wrapper\"><div class=\"uagb-ifb-content\"><div class=\"uagb-ifb-left-title-image\"><div class=\"uagb-ifb-icon-wrap\"><svg xmlns=\"https:\/\/www.w3.org\/2000\/svg\" viewBox=\"0 0 448 512\"><path d=\"M384 32H64C28.65 32 0 60.65 0 96v320c0 35.35 28.65 64 64 64h320c35.35 0 64-28.65 64-64V96C448 60.65 419.3 32 384 32zM351.6 321.5l-11.62 50.39c-1.633 7.125-7.9 12.11-15.24 12.11c-126.1 0-228.7-102.6-228.7-228.8c0-7.328 4.984-13.59 12.11-15.22l50.38-11.63c7.344-1.703 14.88 2.109 17.93 9.062l23.27 54.28c2.719 6.391 .8828 13.83-4.492 18.22L168.3 232c16.99 34.61 45.14 62.75 79.77 79.75l22.02-26.91c4.344-5.391 11.85-7.25 18.24-4.484l54.24 23.25C349.5 306.6 353.3 314.2 351.6 321.5z\"><\/path><\/svg><\/div><div class=\"uagb-ifb-title-wrap\"><h3 class=\"uagb-ifb-title\">Comun\u00edcate con nosotros al Tel.: 4722 0471<\/h3><\/div><\/div><\/div><\/div><\/div>\n<\/div><\/div>\n\n\n\n<div class=\"wp-block-uagb-container uagb-layout-grid uagb-block-df0831ad alignfull uagb-is-root-container\"><div class=\"uagb-container-inner-blocks-wrap\">\n<div class=\"wp-block-uagb-info-box uagb-block-11baed6d uagb-infobox__content-wrap  uagb-infobox-icon-above-title uagb-infobox-image-valign-top\"><div class=\"uagb-ifb-content\"><div class=\"uagb-ifb-separator\"><\/div><div class=\"uagb-ifb-title-wrap\"><\/div><\/div><\/div>\n\n\n\n<div class=\"wp-block-uagb-advanced-heading uagb-block-2d1b90a6\"><h2 class=\"uagb-heading-text\">Iglesia Dios es Amor, Paysand\u00fa.<\/h2><p class=\"uagb-desc-text\">Les compartimos las direcciones y horarios de reuniones de la <strong>Iglesia Pentecostal Dios es Amor en Paysand\u00fa <\/strong>liderada por el Pr. Hugo Blanco. Los esperamos!<br>Yo me alegr\u00e9 con los que me dec\u00edan:<br>A la casa de Jehov\u00e1 iremos.<br><em>Salmos 122<\/em><\/p><\/div>\n<\/div><\/div>\n\n\n\n<div class=\"wp-block-uagb-container uagb-block-d8ac2f0a alignfull uagb-is-root-container\"><div class=\"uagb-container-inner-blocks-wrap\">\n<div class=\"wp-block-uagb-advanced-heading uagb-block-443fec0f\"><h2 class=\"uagb-heading-text\">Iglesias en Paysand\u00fa<\/h2><p class=\"uagb-desc-text\">Direcciones, d\u00edas y horarios para participar. Te esperamos!<\/p><\/div>\n\n\n\n<div class=\"wp-block-uagb-container uagb-layout-grid uagb-block-9ccff3fb alignfull uagb-is-root-container\"><div class=\"uagb-container-inner-blocks-wrap\">\n<div class=\"wp-block-uagb-info-box uagb-block-68548c16 uagb-infobox__content-wrap  uagb-infobox-icon-left-title uagb-infobox-left uagb-infobox-image-valign-top wp-block-uagb-info-box--has-margin\"><div class=\"uagb-infobox-margin-wrapper\"><div class=\"uagb-ifb-content\"><div class=\"uagb-ifb-left-title-image\"><div class=\"uagb-ifb-icon-wrap\"><svg xmlns=\"https:\/\/www.w3.org\/2000\/svg\" viewBox=\"0 0 384 512\"><path d=\"M168.3 499.2C116.1 435 0 279.4 0 192C0 85.96 85.96 0 192 0C298 0 384 85.96 384 192C384 279.4 267 435 215.7 499.2C203.4 514.5 180.6 514.5 168.3 499.2H168.3zM192 256C227.3 256 256 227.3 256 192C256 156.7 227.3 128 192 128C156.7 128 128 156.7 128 192C128 227.3 156.7 256 192 256z\"><\/path><\/svg><\/div><div class=\"uagb-ifb-title-wrap\"><h3 class=\"uagb-ifb-title\">Sede Paysand\u00fa<\/h3><\/div><\/div><p class=\"uagb-ifb-desc\"><strong>Direcci\u00f3n:<\/strong> Leandro G\u00f3mez 925 entre Setembrino Pereda e Independencia<br><strong>Tel.:<\/strong> 4722 0471<br><strong>D\u00edas y horarios: <\/strong><br>Lunes 14:00 <br>Martes 14:00 y 19:00<br>Mi\u00e9rcoles 09:00, 14:00 y 19:00<br>Jueves 19:00 <br>Viernes 09:00, 14:00 y 19:00<br>S\u00e1bado 19:00 <br>Domingos 14:00<\/p><\/div><\/div><\/div>\n\n\n\n<div class=\"wp-block-uagb-info-box uagb-block-410d03e3 uagb-infobox__content-wrap  uagb-infobox-icon-left-title uagb-infobox-left uagb-infobox-image-valign-top wp-block-uagb-info-box--has-margin\"><div class=\"uagb-infobox-margin-wrapper\"><div class=\"uagb-ifb-content\"><div class=\"uagb-ifb-left-title-image\"><div class=\"uagb-ifb-icon-wrap\"><svg xmlns=\"https:\/\/www.w3.org\/2000\/svg\" viewBox=\"0 0 512 512\"><path d=\"M447.1 128L218.5 128l276.2-80.97c12.72-3.734 19.1-17.06 16.28-29.78c-3.719-12.7-16.1-19.1-29.78-16.28L51.75 126.9c-29.07 8.512-49.55 34.8-51.39 64.78L.0007 192v255.1c0 35.31 28.69 63.1 63.1 63.1h383.1c35.31 0 63.1-28.69 63.1-63.1V192C511.1 156.7 483.3 128 447.1 128zM80 248c0-4.406 3.594-7.1 7.1-7.1h111.1c4.406 0 7.1 3.594 7.1 7.1V263.1c0 4.406-3.594 7.1-7.1 7.1h-111.1c-4.406 0-7.1-3.594-7.1-7.1V248zM208 391.1c0 4.406-3.594 7.1-7.1 7.1h-111.1c-4.406 0-7.1-3.594-7.1-7.1v-15.1c0-4.406 3.594-7.1 7.1-7.1h111.1c4.406 0 7.1 3.594 7.1 7.1V391.1zM224 327.1c0 4.406-3.594 7.1-7.1 7.1H72c-4.406 0-7.1-3.594-7.1-7.1V311.1c0-4.406 3.594-7.1 7.1-7.1h143.1c4.406 0 7.1 3.594 7.1 7.1V327.1zM367.1 399.1c-44.16 0-80-35.84-80-79.1s35.84-80 80-80s79.1 35.85 79.1 80S412.2 399.1 367.1 399.1z\"><\/path><\/svg><\/div><div class=\"uagb-ifb-title-wrap\"><h3 class=\"uagb-ifb-title\">Radio Contacto<\/h3><\/div><\/div><p class=\"uagb-ifb-desc\"><strong>Radio<\/strong> Contacto FM 106.9<br><strong>Tel.:<\/strong> <br><strong>D\u00edas y horarios: <\/strong><br>Lunes a Viernes de 21 a 22h<\/p><\/div><\/div><\/div>\n<\/div><\/div>\n<\/div><\/div>\n\n\n\n<div class=\"whatsapp-button\">\n  <a href=\"https:\/\/wa.me\/59891342606\" target=\"_blank\" rel=\"noopener\">\n    <img decoding=\"async\" src=\"https:\/\/ipda.com.uy\/site\/wp-content\/uploads\/2024\/10\/Whatsapp-boton.png\" alt=\"WhatsApp\" \/>\n  <\/a>\n<\/div>\n","protected":false},"excerpt":{"rendered":"<p>Iglesia Dios es Amor, Paysand\u00fa. Les compartimos las direcciones y horarios de reuniones de la Iglesia Pentecostal Dios es Amor en Paysand\u00fa liderada por el Pr. Hugo Blanco. Los esperamos!Yo me alegr\u00e9 con los que me dec\u00edan:A la casa de Jehov\u00e1 iremos.Salmos 122 Iglesias en Paysand\u00fa Direcciones, d\u00edas y horarios para participar. Te esperamos!<\/p>\n","protected":false},"author":1,"featured_media":0,"parent":2331,"menu_order":0,"comment_status":"closed","ping_status":"closed","template":"","meta":{"_uag_custom_page_level_css":"","site-sidebar-layout":"default","site-content-layout":"","ast-site-content-layout":"default","site-content-style":"default","site-sidebar-style":"default","ast-global-header-display":"","ast-banner-title-visibility":"","ast-main-header-display":"","ast-hfb-above-header-display":"","ast-hfb-below-header-display":"","ast-hfb-mobile-header-display":"","site-post-title":"disabled","ast-breadcrumbs-content":"","ast-featured-img":"","footer-sml-layout":"","ast-disable-related-posts":"","theme-transparent-header-meta":"","adv-header-id-meta":"","stick-header-meta":"","header-above-stick-meta":"","header-main-stick-meta":"","header-below-stick-meta":"","astra-migrate-meta-layouts":"set","ast-page-background-enabled":"default","ast-page-background-meta":{"desktop":{"background-color":"var(--ast-global-color-4)","background-image":"","background-repeat":"repeat","background-position":"center center","background-size":"auto","background-attachment":"scroll","background-type":"","background-media":"","overlay-type":"","overlay-color":"","overlay-opacity":"","overlay-gradient":""},"tablet":{"background-color":"","background-image":"","background-repeat":"repeat","background-position":"center center","background-size":"auto","background-attachment":"scroll","background-type":"","background-media":"","overlay-type":"","overlay-color":"","overlay-opacity":"","overlay-gradient":""},"mobile":{"background-color":"","background-image":"","background-repeat":"repeat","background-position":"center center","background-size":"auto","background-attachment":"scroll","background-type":"","background-media":"","overlay-type":"","overlay-color":"","overlay-opacity":"","overlay-gradient":""}},"ast-content-background-meta":{"desktop":{"background-color":"var(--ast-global-color-5)","background-image":"","background-repeat":"repeat","background-position":"center center","background-size":"auto","background-attachment":"scroll","background-type":"","background-media":"","overlay-type":"","overlay-color":"","overlay-opacity":"","overlay-gradient":""},"tablet":{"background-color":"var(--ast-global-color-5)","background-image":"","background-repeat":"repeat","background-position":"center center","background-size":"auto","background-attachment":"scroll","background-type":"","background-media":"","overlay-type":"","overlay-color":"","overlay-opacity":"","overlay-gradient":""},"mobile":{"background-color":"var(--ast-global-color-5)","background-image":"","background-repeat":"repeat","background-position":"center center","background-size":"auto","background-attachment":"scroll","background-type":"","background-media":"","overlay-type":"","overlay-color":"","overlay-opacity":"","overlay-gradient":""}},"footnotes":""},"class_list":["post-2497","page","type-page","status-publish","hentry"],"yoast_head":"<!-- This site is optimized with the Yoast SEO plugin v27.0 - https:\/\/yoast.com\/product\/yoast-seo-wordpress\/ -->\n<title>IPDA Paysand\u00fa - IPDA Uruguay<\/title>\n<meta name=\"description\" content=\"Desde Paysand\u00fa, transmitimos 24 horas de m\u00fasica y mensajes inspiradores. \u00danete a &#039;La Voz de la Liberaci\u00f3n&#039;, iglesia Dios es Amor\" \/>\n<meta name=\"robots\" content=\"index, follow, max-snippet:-1, max-image-preview:large, max-video-preview:-1\" \/>\n<link rel=\"canonical\" href=\"https:\/\/ipda.com.uy\/site\/interior\/ipda-paysandu\/\" \/>\n<meta property=\"og:locale\" content=\"es_ES\" \/>\n<meta property=\"og:type\" content=\"article\" \/>\n<meta property=\"og:title\" content=\"IPDA Paysand\u00fa - IPDA Uruguay\" \/>\n<meta property=\"og:description\" content=\"Desde Paysand\u00fa, transmitimos 24 horas de m\u00fasica y mensajes inspiradores. \u00danete a &#039;La Voz de la Liberaci\u00f3n&#039;, iglesia Dios es Amor\" \/>\n<meta property=\"og:url\" content=\"https:\/\/ipda.com.uy\/site\/interior\/ipda-paysandu\/\" \/>\n<meta property=\"og:site_name\" content=\"IPDA Uruguay\" \/>\n<meta property=\"article:publisher\" content=\"https:\/\/www.facebook.com\/ipdacomuy\" \/>\n<meta property=\"article:modified_time\" content=\"2025-07-10T20:20:28+00:00\" \/>\n<meta property=\"og:image\" content=\"https:\/\/ipda.com.uy\/site\/wp-content\/uploads\/2024\/10\/cropped-LOGO-IPDA-GOOGLEPLAY.jpg\" \/>\n\t<meta property=\"og:image:width\" content=\"512\" \/>\n\t<meta property=\"og:image:height\" content=\"512\" \/>\n\t<meta property=\"og:image:type\" content=\"image\/jpeg\" \/>\n<meta name=\"twitter:card\" content=\"summary_large_image\" \/>\n<meta name=\"twitter:label1\" content=\"Est. reading time\" \/>\n\t<meta name=\"twitter:data1\" content=\"1 minuto\" \/>\n<script type=\"application\/ld+json\" class=\"yoast-schema-graph\">{\"@context\":\"https:\/\/schema.org\",\"@graph\":[{\"@type\":\"WebPage\",\"@id\":\"https:\/\/ipda.com.uy\/site\/interior\/ipda-paysandu\/\",\"url\":\"https:\/\/ipda.com.uy\/site\/interior\/ipda-paysandu\/\",\"name\":\"IPDA Paysand\u00fa - IPDA Uruguay\",\"isPartOf\":{\"@id\":\"https:\/\/ipda.com.uy\/site\/#website\"},\"primaryImageOfPage\":{\"@id\":\"https:\/\/ipda.com.uy\/site\/interior\/ipda-paysandu\/#primaryimage\"},\"image\":{\"@id\":\"https:\/\/ipda.com.uy\/site\/interior\/ipda-paysandu\/#primaryimage\"},\"thumbnailUrl\":\"https:\/\/ipda.com.uy\/site\/wp-content\/uploads\/2024\/10\/Whatsapp-boton.png\",\"datePublished\":\"2024-10-16T20:03:36+00:00\",\"dateModified\":\"2025-07-10T20:20:28+00:00\",\"description\":\"Desde Paysand\u00fa, transmitimos 24 horas de m\u00fasica y mensajes inspiradores. \u00danete a 'La Voz de la Liberaci\u00f3n', iglesia Dios es Amor\",\"breadcrumb\":{\"@id\":\"https:\/\/ipda.com.uy\/site\/interior\/ipda-paysandu\/#breadcrumb\"},\"inLanguage\":\"es-UY\",\"potentialAction\":[{\"@type\":\"ReadAction\",\"target\":[\"https:\/\/ipda.com.uy\/site\/interior\/ipda-paysandu\/\"]}]},{\"@type\":\"ImageObject\",\"inLanguage\":\"es-UY\",\"@id\":\"https:\/\/ipda.com.uy\/site\/interior\/ipda-paysandu\/#primaryimage\",\"url\":\"https:\/\/ipda.com.uy\/site\/wp-content\/uploads\/2024\/10\/Whatsapp-boton.png\",\"contentUrl\":\"https:\/\/ipda.com.uy\/site\/wp-content\/uploads\/2024\/10\/Whatsapp-boton.png\",\"width\":200,\"height\":200},{\"@type\":\"BreadcrumbList\",\"@id\":\"https:\/\/ipda.com.uy\/site\/interior\/ipda-paysandu\/#breadcrumb\",\"itemListElement\":[{\"@type\":\"ListItem\",\"position\":1,\"name\":\"Home\",\"item\":\"https:\/\/ipda.com.uy\/site\/\"},{\"@type\":\"ListItem\",\"position\":2,\"name\":\"Interior del Pa\u00eds\",\"item\":\"https:\/\/ipda.com.uy\/site\/interior\/\"},{\"@type\":\"ListItem\",\"position\":3,\"name\":\"IPDA Paysand\u00fa\"}]},{\"@type\":\"WebSite\",\"@id\":\"https:\/\/ipda.com.uy\/site\/#website\",\"url\":\"https:\/\/ipda.com.uy\/site\/\",\"name\":\"IPDA Uruguay\",\"description\":\"Iglesia Pentecostal Dios es Amor en Uruguay\",\"publisher\":{\"@id\":\"https:\/\/ipda.com.uy\/site\/#organization\"},\"alternateName\":\"ipda.com.uy\",\"potentialAction\":[{\"@type\":\"SearchAction\",\"target\":{\"@type\":\"EntryPoint\",\"urlTemplate\":\"https:\/\/ipda.com.uy\/site\/?s={search_term_string}\"},\"query-input\":{\"@type\":\"PropertyValueSpecification\",\"valueRequired\":true,\"valueName\":\"search_term_string\"}}],\"inLanguage\":\"es-UY\"},{\"@type\":\"Organization\",\"@id\":\"https:\/\/ipda.com.uy\/site\/#organization\",\"name\":\"IPDA Uruguay\",\"url\":\"https:\/\/ipda.com.uy\/site\/\",\"logo\":{\"@type\":\"ImageObject\",\"inLanguage\":\"es-UY\",\"@id\":\"https:\/\/ipda.com.uy\/site\/#\/schema\/logo\/image\/\",\"url\":\"https:\/\/ipda.com.uy\/site\/wp-content\/uploads\/2024\/10\/cropped-LOGO-IPDA-GOOGLEPLAY.jpg\",\"contentUrl\":\"https:\/\/ipda.com.uy\/site\/wp-content\/uploads\/2024\/10\/cropped-LOGO-IPDA-GOOGLEPLAY.jpg\",\"width\":512,\"height\":512,\"caption\":\"IPDA Uruguay\"},\"image\":{\"@id\":\"https:\/\/ipda.com.uy\/site\/#\/schema\/logo\/image\/\"},\"sameAs\":[\"https:\/\/www.facebook.com\/ipdacomuy\",\"https:\/\/www.instagram.com\/ipdauruguay\/\",\"https:\/\/www.youtube.com\/@ipdauruguay733\"]}]}<\/script>\n<!-- \/ Yoast SEO plugin. -->","yoast_head_json":{"title":"IPDA Paysand\u00fa - IPDA Uruguay","description":"Desde Paysand\u00fa, transmitimos 24 horas de m\u00fasica y mensajes inspiradores. \u00danete a 'La Voz de la Liberaci\u00f3n', iglesia Dios es Amor","robots":{"index":"index","follow":"follow","max-snippet":"max-snippet:-1","max-image-preview":"max-image-preview:large","max-video-preview":"max-video-preview:-1"},"canonical":"https:\/\/ipda.com.uy\/site\/interior\/ipda-paysandu\/","og_locale":"es_ES","og_type":"article","og_title":"IPDA Paysand\u00fa - IPDA Uruguay","og_description":"Desde Paysand\u00fa, transmitimos 24 horas de m\u00fasica y mensajes inspiradores. \u00danete a 'La Voz de la Liberaci\u00f3n', iglesia Dios es Amor","og_url":"https:\/\/ipda.com.uy\/site\/interior\/ipda-paysandu\/","og_site_name":"IPDA Uruguay","article_publisher":"https:\/\/www.facebook.com\/ipdacomuy","article_modified_time":"2025-07-10T20:20:28+00:00","og_image":[{"width":512,"height":512,"url":"https:\/\/ipda.com.uy\/site\/wp-content\/uploads\/2024\/10\/cropped-LOGO-IPDA-GOOGLEPLAY.jpg","type":"image\/jpeg"}],"twitter_card":"summary_large_image","twitter_misc":{"Est. reading time":"1 minuto"},"schema":{"@context":"https:\/\/schema.org","@graph":[{"@type":"WebPage","@id":"https:\/\/ipda.com.uy\/site\/interior\/ipda-paysandu\/","url":"https:\/\/ipda.com.uy\/site\/interior\/ipda-paysandu\/","name":"IPDA Paysand\u00fa - IPDA Uruguay","isPartOf":{"@id":"https:\/\/ipda.com.uy\/site\/#website"},"primaryImageOfPage":{"@id":"https:\/\/ipda.com.uy\/site\/interior\/ipda-paysandu\/#primaryimage"},"image":{"@id":"https:\/\/ipda.com.uy\/site\/interior\/ipda-paysandu\/#primaryimage"},"thumbnailUrl":"https:\/\/ipda.com.uy\/site\/wp-content\/uploads\/2024\/10\/Whatsapp-boton.png","datePublished":"2024-10-16T20:03:36+00:00","dateModified":"2025-07-10T20:20:28+00:00","description":"Desde Paysand\u00fa, transmitimos 24 horas de m\u00fasica y mensajes inspiradores. \u00danete a 'La Voz de la Liberaci\u00f3n', iglesia Dios es Amor","breadcrumb":{"@id":"https:\/\/ipda.com.uy\/site\/interior\/ipda-paysandu\/#breadcrumb"},"inLanguage":"es-UY","potentialAction":[{"@type":"ReadAction","target":["https:\/\/ipda.com.uy\/site\/interior\/ipda-paysandu\/"]}]},{"@type":"ImageObject","inLanguage":"es-UY","@id":"https:\/\/ipda.com.uy\/site\/interior\/ipda-paysandu\/#primaryimage","url":"https:\/\/ipda.com.uy\/site\/wp-content\/uploads\/2024\/10\/Whatsapp-boton.png","contentUrl":"https:\/\/ipda.com.uy\/site\/wp-content\/uploads\/2024\/10\/Whatsapp-boton.png","width":200,"height":200},{"@type":"BreadcrumbList","@id":"https:\/\/ipda.com.uy\/site\/interior\/ipda-paysandu\/#breadcrumb","itemListElement":[{"@type":"ListItem","position":1,"name":"Home","item":"https:\/\/ipda.com.uy\/site\/"},{"@type":"ListItem","position":2,"name":"Interior del Pa\u00eds","item":"https:\/\/ipda.com.uy\/site\/interior\/"},{"@type":"ListItem","position":3,"name":"IPDA Paysand\u00fa"}]},{"@type":"WebSite","@id":"https:\/\/ipda.com.uy\/site\/#website","url":"https:\/\/ipda.com.uy\/site\/","name":"IPDA Uruguay","description":"Iglesia Pentecostal Dios es Amor en Uruguay","publisher":{"@id":"https:\/\/ipda.com.uy\/site\/#organization"},"alternateName":"ipda.com.uy","potentialAction":[{"@type":"SearchAction","target":{"@type":"EntryPoint","urlTemplate":"https:\/\/ipda.com.uy\/site\/?s={search_term_string}"},"query-input":{"@type":"PropertyValueSpecification","valueRequired":true,"valueName":"search_term_string"}}],"inLanguage":"es-UY"},{"@type":"Organization","@id":"https:\/\/ipda.com.uy\/site\/#organization","name":"IPDA Uruguay","url":"https:\/\/ipda.com.uy\/site\/","logo":{"@type":"ImageObject","inLanguage":"es-UY","@id":"https:\/\/ipda.com.uy\/site\/#\/schema\/logo\/image\/","url":"https:\/\/ipda.com.uy\/site\/wp-content\/uploads\/2024\/10\/cropped-LOGO-IPDA-GOOGLEPLAY.jpg","contentUrl":"https:\/\/ipda.com.uy\/site\/wp-content\/uploads\/2024\/10\/cropped-LOGO-IPDA-GOOGLEPLAY.jpg","width":512,"height":512,"caption":"IPDA Uruguay"},"image":{"@id":"https:\/\/ipda.com.uy\/site\/#\/schema\/logo\/image\/"},"sameAs":["https:\/\/www.facebook.com\/ipdacomuy","https:\/\/www.instagram.com\/ipdauruguay\/","https:\/\/www.youtube.com\/@ipdauruguay733"]}]}},"uagb_featured_image_src":{"full":false,"thumbnail":false,"medium":false,"medium_large":false,"large":false,"1536x1536":false,"2048x2048":false},"uagb_author_info":{"display_name":"ipda-uy","author_link":"https:\/\/ipda.com.uy\/site\/author\/ipda-uy\/"},"uagb_comment_info":0,"uagb_excerpt":"Iglesia Dios es Amor, Paysand\u00fa. Les compartimos las direcciones y horarios de reuniones de la Iglesia Pentecostal Dios es Amor en Paysand\u00fa liderada por el Pr. Hugo Blanco. Los esperamos!Yo me alegr\u00e9 con los que me dec\u00edan:A la casa de Jehov\u00e1 iremos.Salmos 122 Iglesias en Paysand\u00fa Direcciones, d\u00edas y horarios para participar. Te esperamos!","_links":{"self":[{"href":"https:\/\/ipda.com.uy\/site\/wp-json\/wp\/v2\/pages\/2497","targetHints":{"allow":["GET"]}}],"collection":[{"href":"https:\/\/ipda.com.uy\/site\/wp-json\/wp\/v2\/pages"}],"about":[{"href":"https:\/\/ipda.com.uy\/site\/wp-json\/wp\/v2\/types\/page"}],"author":[{"embeddable":true,"href":"https:\/\/ipda.com.uy\/site\/wp-json\/wp\/v2\/users\/1"}],"replies":[{"embeddable":true,"href":"https:\/\/ipda.com.uy\/site\/wp-json\/wp\/v2\/comments?post=2497"}],"version-history":[{"count":2,"href":"https:\/\/ipda.com.uy\/site\/wp-json\/wp\/v2\/pages\/2497\/revisions"}],"predecessor-version":[{"id":2730,"href":"https:\/\/ipda.com.uy\/site\/wp-json\/wp\/v2\/pages\/2497\/revisions\/2730"}],"up":[{"embeddable":true,"href":"https:\/\/ipda.com.uy\/site\/wp-json\/wp\/v2\/pages\/2331"}],"wp:attachment":[{"href":"https:\/\/ipda.com.uy\/site\/wp-json\/wp\/v2\/media?parent=2497"}],"curies":[{"name":"wp","href":"https:\/\/api.w.org\/{rel}","templated":true}]}}