{"id":17,"date":"2024-09-24T17:22:13","date_gmt":"2024-09-24T20:22:13","guid":{"rendered":"https:\/\/ipda.com.uy\/site\/contact\/"},"modified":"2024-10-17T17:16:03","modified_gmt":"2024-10-17T20:16:03","slug":"contacto","status":"publish","type":"page","link":"https:\/\/ipda.com.uy\/site\/contacto\/","title":{"rendered":"Contacto"},"content":{"rendered":"\n<div class=\"wp-block-uagb-container uagb-block-cc61785d alignfull uagb-is-root-container\"><div class=\"uagb-container-inner-blocks-wrap\">\n<div class=\"wp-block-uagb-advanced-heading uagb-block-ac713bc4\"><h1 class=\"uagb-heading-text\">Cont\u00e1ctenos.<\/h1><\/div>\n<\/div><\/div>\n\n\n\n<div class=\"wp-block-uagb-container uagb-block-e56332a7 alignfull uagb-is-root-container\"><div class=\"uagb-container-inner-blocks-wrap\">\n<div class=\"wp-block-uagb-icon-list uagb-block-c7349ead\"><div class=\"uagb-icon-list__wrap\">\n<div class=\"wp-block-uagb-icon-list-child uagb-block-eb508ce5\"><span class=\"uagb-icon-list__source-wrap\"><svg xmlns=\"https:\/\/www.w3.org\/2000\/svg\" viewBox=\"0 0 448 512\"><path d=\"M0 96v320c0 35.35 28.65 64 64 64h320c35.35 0 64-28.65 64-64V96c0-35.35-28.65-64-64-64H64C28.65 32 0 60.65 0 96zM105.5 303.6l54.24-23.25c6.391-2.766 13.9-.9062 18.24 4.484l22.02 26.91c34.63-17 62.77-45.14 79.77-79.75l-26.91-22.05c-5.375-4.391-7.211-11.83-4.492-18.22l23.27-54.28c3.047-6.953 10.59-10.77 17.93-9.062l50.38 11.63c7.125 1.625 12.11 7.891 12.11 15.22c0 126.1-102.6 228.8-228.7 228.8c-7.336 0-13.6-4.984-15.24-12.11l-11.62-50.39C94.71 314.2 98.5 306.6 105.5 303.6z\"><\/path><\/svg><\/span><span class=\"uagb-icon-list__label\"><strong>Cont\u00e1ctenos para recibir consejer\u00eda o informaci\u00f3n de nuestros eventos. <\/strong><\/span><\/div>\n<\/div><\/div>\n<\/div><\/div>\n\n\n\n<div class=\"wp-block-uagb-container uagb-layout-grid uagb-block-91354ebe alignfull uagb-is-root-container\"><div class=\"uagb-container-inner-blocks-wrap\">\n<div class=\"wp-block-uagb-info-box uagb-block-dc8c7406 uagb-infobox__content-wrap  uagb-infobox-icon-above-title uagb-infobox-image-valign-top wp-block-uagb-info-box--has-margin\"><div class=\"uagb-infobox-margin-wrapper\"><div class=\"uagb-ifb-content\"><div class=\"uagb-ifb-icon-wrap\"><svg xmlns=\"https:\/\/www.w3.org\/2000\/svg\" viewBox=\"0 0 640 512\"><path d=\"M623.5 164C638.1 172.6 644.6 192.1 635.1 207.5C627.4 222.1 607.9 228.6 592.5 219.1L319.1 68.61L47.54 219.1C32.09 228.6 12.61 222.1 4.025 207.5C-4.558 192.1 1.008 172.6 16.46 164L304.5 4.027C314.1-1.342 325.9-1.342 335.5 4.027L623.5 164zM279.1 200C279.1 177.9 297.9 160 319.1 160C342.1 160 359.1 177.9 359.1 200C359.1 222.1 342.1 240 319.1 240C297.9 240 279.1 222.1 279.1 200zM103.1 296C103.1 273.9 121.9 256 143.1 256C166.1 256 183.1 273.9 183.1 296C183.1 318.1 166.1 336 143.1 336C121.9 336 103.1 318.1 103.1 296V296zM535.1 296C535.1 318.1 518.1 336 495.1 336C473.9 336 455.1 318.1 455.1 296C455.1 273.9 473.9 256 495.1 256C518.1 256 535.1 273.9 535.1 296zM226.9 491.4L199.1 441.5V480C199.1 497.7 185.7 512 167.1 512H119.1C102.3 512 87.1 497.7 87.1 480V441.5L61.13 491.4C54.84 503 40.29 507.4 28.62 501.1C16.95 494.8 12.58 480.3 18.87 468.6L56.74 398.3C72.09 369.8 101.9 352 134.2 352H153.8C170.1 352 185.7 356.5 199.2 364.6L232.7 302.3C248.1 273.8 277.9 255.1 310.2 255.1H329.8C362.1 255.1 391.9 273.8 407.3 302.3L440.8 364.6C454.3 356.5 469.9 352 486.2 352H505.8C538.1 352 567.9 369.8 583.3 398.3L621.1 468.6C627.4 480.3 623 494.8 611.4 501.1C599.7 507.4 585.2 503 578.9 491.4L551.1 441.5V480C551.1 497.7 537.7 512 519.1 512H471.1C454.3 512 439.1 497.7 439.1 480V441.5L413.1 491.4C406.8 503 392.3 507.4 380.6 501.1C368.1 494.8 364.6 480.3 370.9 468.6L407.2 401.1C405.5 399.5 404 397.6 402.9 395.4L375.1 345.5V400C375.1 417.7 361.7 432 343.1 432H295.1C278.3 432 263.1 417.7 263.1 400V345.5L237.1 395.4C235.1 397.6 234.5 399.5 232.8 401.1L269.1 468.6C275.4 480.3 271 494.8 259.4 501.1C247.7 507.4 233.2 503 226.9 491.4H226.9z\"><\/path><\/svg><\/div><div class=\"uagb-ifb-title-wrap\"><h3 class=\"uagb-ifb-title\">Templo Mayor<\/h3><\/div><p class=\"uagb-ifb-desc\">Pza. Cagancha 1129 Ex-Cine Plaza<br>Montevideo, Uruguay<\/p><\/div><\/div><\/div>\n\n\n\n<div class=\"wp-block-uagb-info-box uagb-block-8cb0be7a uagb-infobox__content-wrap  uagb-infobox-icon-above-title uagb-infobox-image-valign-top wp-block-uagb-info-box--has-margin\"><div class=\"uagb-infobox-margin-wrapper\"><div class=\"uagb-ifb-content\"><div class=\"uagb-ifb-icon-wrap\"><svg xmlns=\"https:\/\/www.w3.org\/2000\/svg\" viewBox=\"0 0 640 512\"><path d=\"M272 191.9c-17.62 0-32 14.35-32 31.97V303.9c0 8.875-7.125 16-16 16s-16-7.125-16-16V227.4c0-17.37 4.75-34.5 13.75-49.37L299.5 48.41c9-15.12 4.125-34.76-11-43.88C273.1-4.225 255.8 .1289 246.1 13.63C245.1 13.88 245.5 13.88 245.4 14.13L128.1 190C117.5 205.9 112 224.3 112 243.3v80.24l-90.13 29.1C8.75 357.9 0 370.1 0 383.9v95.99c0 10.88 8.5 31.1 32 31.1c2.75 0 5.375-.25 8-1l179.3-46.62C269.1 450 304 403.8 304 351.9V223.9C304 206.3 289.6 191.9 272 191.9zM618.1 353.6L528 323.6V243.4c0-19-5.5-37.37-16.12-53.25l-117.3-175.9c-.125-.25-.6251-.2487-.75-.4987c-9.625-13.5-27.88-17.85-42.38-9.229c-15.12 9.125-20 28.76-11 44.01l77.75 129.5C427.3 193 432 210 432 227.5v76.49c0 8.875-7.125 16-16 16s-16-7.125-16-16V223.1c0-17.62-14.38-31.97-32-31.97s-32 14.38-32 31.1v127.1c0 51.87 34.88 98.12 84.75 112.4L600 511C602.6 511.6 605.4 512 608 512c23.5 0 32-21.25 32-31.1v-95.99C640 370.3 631.3 358 618.1 353.6z\"><\/path><\/svg><\/div><div class=\"uagb-ifb-title-wrap\"><h3 class=\"uagb-ifb-title\">Templo Menor<\/h3><\/div><p class=\"uagb-ifb-desc\">Av. Roundeau 1383 ex Sala Lorente Montevideo, Uruguay<\/p><\/div><\/div><\/div>\n\n\n\n<div class=\"wp-block-uagb-info-box uagb-block-fa444087 uagb-infobox__content-wrap  uagb-infobox-icon-above-title uagb-infobox-image-valign-top wp-block-uagb-info-box--has-margin\"><div class=\"uagb-infobox-margin-wrapper\"><div class=\"uagb-ifb-content\"><div class=\"uagb-ifb-icon-wrap\"><svg xmlns=\"https:\/\/www.w3.org\/2000\/svg\" viewBox=\"0 0 448 512\"><path d=\"M0 96v320c0 35.35 28.65 64 64 64h320c35.35 0 64-28.65 64-64V96c0-35.35-28.65-64-64-64H64C28.65 32 0 60.65 0 96zM105.5 303.6l54.24-23.25c6.391-2.766 13.9-.9062 18.24 4.484l22.02 26.91c34.63-17 62.77-45.14 79.77-79.75l-26.91-22.05c-5.375-4.391-7.211-11.83-4.492-18.22l23.27-54.28c3.047-6.953 10.59-10.77 17.93-9.062l50.38 11.63c7.125 1.625 12.11 7.891 12.11 15.22c0 126.1-102.6 228.8-228.7 228.8c-7.336 0-13.6-4.984-15.24-12.11l-11.62-50.39C94.71 314.2 98.5 306.6 105.5 303.6z\"><\/path><\/svg><\/div><div class=\"uagb-ifb-title-wrap\"><h3 class=\"uagb-ifb-title\">Tel\u00e9fonos<\/h3><\/div><p class=\"uagb-ifb-desc\">\n        2900 7503 \/ 2908 6653<br>\n        <a href=\"https:\/\/wa.me\/59895931017\" style=\"color: green;\">095 931 017<\/a>\n      <\/p><\/div><\/div><\/div>\n<\/div><\/div>\n\n\n\n<div class=\"wp-block-uagb-container uagb-block-3402cd63 alignfull uagb-is-root-container\">\t\t\t<div \n\t\t\tclass=\"wp-block-uagb-google-map uagb-google-map__wrap uagb-block-757d8c27     \"\n\t\t\tstyle=\"\" >\n\t\t\t\t<embed\n\t\t\t\t\tclass=\"uagb-google-map__iframe\"\n\t\t\t\t\ttitle=\"Google Map for \"\n\t\t\t\t\tsrc=\"https:\/\/maps.google.com\/maps?q=IPDA%20-%20Iglesia%20Pentecostal%20Dios%20es%20Amor%2C%20Circunvalacion%20Pl.%20Cagancha%201129%2C%2011100%20Montevideo%2C%20Departamento%20de%20Montevideo&#038;z=18&#038;hl=en&#038;t=m&#038;output=embed&#038;iwloc=near\"\n\t\t\t\t\twidth=\"640\"\n\t\t\t\t\theight=\"525\"\n\t\t\t\t\tloading=\"lazy\"\n\t\t\t\t><\/embed>\n\t\t\t<\/div>\n\t\t\t<\/div>\n","protected":false},"excerpt":{"rendered":"<p>Cont\u00e1ctenos.<\/p>\n","protected":false},"author":1,"featured_media":0,"parent":0,"menu_order":0,"comment_status":"closed","ping_status":"closed","template":"","meta":{"_uag_custom_page_level_css":"","site-sidebar-layout":"default","site-content-layout":"","ast-site-content-layout":"default","site-content-style":"default","site-sidebar-style":"default","ast-global-header-display":"","ast-banner-title-visibility":"","ast-main-header-display":"","ast-hfb-above-header-display":"","ast-hfb-below-header-display":"","ast-hfb-mobile-header-display":"","site-post-title":"disabled","ast-breadcrumbs-content":"","ast-featured-img":"","footer-sml-layout":"","ast-disable-related-posts":"","theme-transparent-header-meta":"","adv-header-id-meta":"","stick-header-meta":"","header-above-stick-meta":"","header-main-stick-meta":"","header-below-stick-meta":"","astra-migrate-meta-layouts":"set","ast-page-background-enabled":"default","ast-page-background-meta":{"desktop":{"background-color":"var(--ast-global-color-4)","background-image":"","background-repeat":"repeat","background-position":"center center","background-size":"auto","background-attachment":"scroll","background-type":"","background-media":"","overlay-type":"","overlay-color":"","overlay-opacity":"","overlay-gradient":""},"tablet":{"background-color":"","background-image":"","background-repeat":"repeat","background-position":"center center","background-size":"auto","background-attachment":"scroll","background-type":"","background-media":"","overlay-type":"","overlay-color":"","overlay-opacity":"","overlay-gradient":""},"mobile":{"background-color":"","background-image":"","background-repeat":"repeat","background-position":"center center","background-size":"auto","background-attachment":"scroll","background-type":"","background-media":"","overlay-type":"","overlay-color":"","overlay-opacity":"","overlay-gradient":""}},"ast-content-background-meta":{"desktop":{"background-color":"var(--ast-global-color-5)","background-image":"","background-repeat":"repeat","background-position":"center center","background-size":"auto","background-attachment":"scroll","background-type":"","background-media":"","overlay-type":"","overlay-color":"","overlay-opacity":"","overlay-gradient":""},"tablet":{"background-color":"var(--ast-global-color-5)","background-image":"","background-repeat":"repeat","background-position":"center center","background-size":"auto","background-attachment":"scroll","background-type":"","background-media":"","overlay-type":"","overlay-color":"","overlay-opacity":"","overlay-gradient":""},"mobile":{"background-color":"var(--ast-global-color-5)","background-image":"","background-repeat":"repeat","background-position":"center center","background-size":"auto","background-attachment":"scroll","background-type":"","background-media":"","overlay-type":"","overlay-color":"","overlay-opacity":"","overlay-gradient":""}},"footnotes":""},"class_list":["post-17","page","type-page","status-publish","hentry"],"yoast_head":"<!-- This site is optimized with the Yoast SEO plugin v27.0 - https:\/\/yoast.com\/product\/yoast-seo-wordpress\/ -->\n<title>Contacto - IPDA Uruguay<\/title>\n<meta name=\"description\" content=\"Cont\u00e1ctenos para consejer\u00eda o informaci\u00f3n sobre eventos. Iglesia Dios es Amor en Montevideo: Pza. Cagancha y Av. Roundeau.\" \/>\n<meta name=\"robots\" content=\"index, follow, max-snippet:-1, max-image-preview:large, max-video-preview:-1\" \/>\n<link rel=\"canonical\" href=\"https:\/\/ipda.com.uy\/site\/contacto\/\" \/>\n<meta property=\"og:locale\" content=\"es_ES\" \/>\n<meta property=\"og:type\" content=\"article\" \/>\n<meta property=\"og:title\" content=\"Contacto - IPDA Uruguay\" \/>\n<meta property=\"og:description\" content=\"Cont\u00e1ctenos para consejer\u00eda o informaci\u00f3n sobre eventos. Iglesia Dios es Amor en Montevideo: Pza. Cagancha y Av. Roundeau.\" \/>\n<meta property=\"og:url\" content=\"https:\/\/ipda.com.uy\/site\/contacto\/\" \/>\n<meta property=\"og:site_name\" content=\"IPDA Uruguay\" \/>\n<meta property=\"article:publisher\" content=\"https:\/\/www.facebook.com\/ipdacomuy\" \/>\n<meta property=\"article:modified_time\" content=\"2024-10-17T20:16:03+00:00\" \/>\n<meta name=\"twitter:card\" content=\"summary_large_image\" \/>\n<meta name=\"twitter:label1\" content=\"Est. reading time\" \/>\n\t<meta name=\"twitter:data1\" content=\"1 minuto\" \/>\n<script type=\"application\/ld+json\" class=\"yoast-schema-graph\">{\"@context\":\"https:\/\/schema.org\",\"@graph\":[{\"@type\":\"WebPage\",\"@id\":\"https:\/\/ipda.com.uy\/site\/contacto\/\",\"url\":\"https:\/\/ipda.com.uy\/site\/contacto\/\",\"name\":\"Contacto - IPDA Uruguay\",\"isPartOf\":{\"@id\":\"https:\/\/ipda.com.uy\/site\/#website\"},\"datePublished\":\"2024-09-24T20:22:13+00:00\",\"dateModified\":\"2024-10-17T20:16:03+00:00\",\"description\":\"Cont\u00e1ctenos para consejer\u00eda o informaci\u00f3n sobre eventos. Iglesia Dios es Amor en Montevideo: Pza. Cagancha y Av. Roundeau.\",\"breadcrumb\":{\"@id\":\"https:\/\/ipda.com.uy\/site\/contacto\/#breadcrumb\"},\"inLanguage\":\"es-UY\",\"potentialAction\":[{\"@type\":\"ReadAction\",\"target\":[\"https:\/\/ipda.com.uy\/site\/contacto\/\"]}]},{\"@type\":\"BreadcrumbList\",\"@id\":\"https:\/\/ipda.com.uy\/site\/contacto\/#breadcrumb\",\"itemListElement\":[{\"@type\":\"ListItem\",\"position\":1,\"name\":\"Home\",\"item\":\"https:\/\/ipda.com.uy\/site\/\"},{\"@type\":\"ListItem\",\"position\":2,\"name\":\"Contacto\"}]},{\"@type\":\"WebSite\",\"@id\":\"https:\/\/ipda.com.uy\/site\/#website\",\"url\":\"https:\/\/ipda.com.uy\/site\/\",\"name\":\"IPDA Uruguay\",\"description\":\"Iglesia Pentecostal Dios es Amor en Uruguay\",\"publisher\":{\"@id\":\"https:\/\/ipda.com.uy\/site\/#organization\"},\"alternateName\":\"ipda.com.uy\",\"potentialAction\":[{\"@type\":\"SearchAction\",\"target\":{\"@type\":\"EntryPoint\",\"urlTemplate\":\"https:\/\/ipda.com.uy\/site\/?s={search_term_string}\"},\"query-input\":{\"@type\":\"PropertyValueSpecification\",\"valueRequired\":true,\"valueName\":\"search_term_string\"}}],\"inLanguage\":\"es-UY\"},{\"@type\":\"Organization\",\"@id\":\"https:\/\/ipda.com.uy\/site\/#organization\",\"name\":\"IPDA Uruguay\",\"url\":\"https:\/\/ipda.com.uy\/site\/\",\"logo\":{\"@type\":\"ImageObject\",\"inLanguage\":\"es-UY\",\"@id\":\"https:\/\/ipda.com.uy\/site\/#\/schema\/logo\/image\/\",\"url\":\"https:\/\/ipda.com.uy\/site\/wp-content\/uploads\/2024\/10\/cropped-LOGO-IPDA-GOOGLEPLAY.jpg\",\"contentUrl\":\"https:\/\/ipda.com.uy\/site\/wp-content\/uploads\/2024\/10\/cropped-LOGO-IPDA-GOOGLEPLAY.jpg\",\"width\":512,\"height\":512,\"caption\":\"IPDA Uruguay\"},\"image\":{\"@id\":\"https:\/\/ipda.com.uy\/site\/#\/schema\/logo\/image\/\"},\"sameAs\":[\"https:\/\/www.facebook.com\/ipdacomuy\",\"https:\/\/www.instagram.com\/ipdauruguay\/\",\"https:\/\/www.youtube.com\/@ipdauruguay733\"]}]}<\/script>\n<!-- \/ Yoast SEO plugin. -->","yoast_head_json":{"title":"Contacto - IPDA Uruguay","description":"Cont\u00e1ctenos para consejer\u00eda o informaci\u00f3n sobre eventos. Iglesia Dios es Amor en Montevideo: Pza. Cagancha y Av. Roundeau.","robots":{"index":"index","follow":"follow","max-snippet":"max-snippet:-1","max-image-preview":"max-image-preview:large","max-video-preview":"max-video-preview:-1"},"canonical":"https:\/\/ipda.com.uy\/site\/contacto\/","og_locale":"es_ES","og_type":"article","og_title":"Contacto - IPDA Uruguay","og_description":"Cont\u00e1ctenos para consejer\u00eda o informaci\u00f3n sobre eventos. Iglesia Dios es Amor en Montevideo: Pza. Cagancha y Av. Roundeau.","og_url":"https:\/\/ipda.com.uy\/site\/contacto\/","og_site_name":"IPDA Uruguay","article_publisher":"https:\/\/www.facebook.com\/ipdacomuy","article_modified_time":"2024-10-17T20:16:03+00:00","twitter_card":"summary_large_image","twitter_misc":{"Est. reading time":"1 minuto"},"schema":{"@context":"https:\/\/schema.org","@graph":[{"@type":"WebPage","@id":"https:\/\/ipda.com.uy\/site\/contacto\/","url":"https:\/\/ipda.com.uy\/site\/contacto\/","name":"Contacto - IPDA Uruguay","isPartOf":{"@id":"https:\/\/ipda.com.uy\/site\/#website"},"datePublished":"2024-09-24T20:22:13+00:00","dateModified":"2024-10-17T20:16:03+00:00","description":"Cont\u00e1ctenos para consejer\u00eda o informaci\u00f3n sobre eventos. Iglesia Dios es Amor en Montevideo: Pza. Cagancha y Av. Roundeau.","breadcrumb":{"@id":"https:\/\/ipda.com.uy\/site\/contacto\/#breadcrumb"},"inLanguage":"es-UY","potentialAction":[{"@type":"ReadAction","target":["https:\/\/ipda.com.uy\/site\/contacto\/"]}]},{"@type":"BreadcrumbList","@id":"https:\/\/ipda.com.uy\/site\/contacto\/#breadcrumb","itemListElement":[{"@type":"ListItem","position":1,"name":"Home","item":"https:\/\/ipda.com.uy\/site\/"},{"@type":"ListItem","position":2,"name":"Contacto"}]},{"@type":"WebSite","@id":"https:\/\/ipda.com.uy\/site\/#website","url":"https:\/\/ipda.com.uy\/site\/","name":"IPDA Uruguay","description":"Iglesia Pentecostal Dios es Amor en Uruguay","publisher":{"@id":"https:\/\/ipda.com.uy\/site\/#organization"},"alternateName":"ipda.com.uy","potentialAction":[{"@type":"SearchAction","target":{"@type":"EntryPoint","urlTemplate":"https:\/\/ipda.com.uy\/site\/?s={search_term_string}"},"query-input":{"@type":"PropertyValueSpecification","valueRequired":true,"valueName":"search_term_string"}}],"inLanguage":"es-UY"},{"@type":"Organization","@id":"https:\/\/ipda.com.uy\/site\/#organization","name":"IPDA Uruguay","url":"https:\/\/ipda.com.uy\/site\/","logo":{"@type":"ImageObject","inLanguage":"es-UY","@id":"https:\/\/ipda.com.uy\/site\/#\/schema\/logo\/image\/","url":"https:\/\/ipda.com.uy\/site\/wp-content\/uploads\/2024\/10\/cropped-LOGO-IPDA-GOOGLEPLAY.jpg","contentUrl":"https:\/\/ipda.com.uy\/site\/wp-content\/uploads\/2024\/10\/cropped-LOGO-IPDA-GOOGLEPLAY.jpg","width":512,"height":512,"caption":"IPDA Uruguay"},"image":{"@id":"https:\/\/ipda.com.uy\/site\/#\/schema\/logo\/image\/"},"sameAs":["https:\/\/www.facebook.com\/ipdacomuy","https:\/\/www.instagram.com\/ipdauruguay\/","https:\/\/www.youtube.com\/@ipdauruguay733"]}]}},"uagb_featured_image_src":{"full":false,"thumbnail":false,"medium":false,"medium_large":false,"large":false,"1536x1536":false,"2048x2048":false},"uagb_author_info":{"display_name":"ipda-uy","author_link":"https:\/\/ipda.com.uy\/site\/author\/ipda-uy\/"},"uagb_comment_info":0,"uagb_excerpt":"Cont\u00e1ctenos.","_links":{"self":[{"href":"https:\/\/ipda.com.uy\/site\/wp-json\/wp\/v2\/pages\/17","targetHints":{"allow":["GET"]}}],"collection":[{"href":"https:\/\/ipda.com.uy\/site\/wp-json\/wp\/v2\/pages"}],"about":[{"href":"https:\/\/ipda.com.uy\/site\/wp-json\/wp\/v2\/types\/page"}],"author":[{"embeddable":true,"href":"https:\/\/ipda.com.uy\/site\/wp-json\/wp\/v2\/users\/1"}],"replies":[{"embeddable":true,"href":"https:\/\/ipda.com.uy\/site\/wp-json\/wp\/v2\/comments?post=17"}],"version-history":[{"count":4,"href":"https:\/\/ipda.com.uy\/site\/wp-json\/wp\/v2\/pages\/17\/revisions"}],"predecessor-version":[{"id":2368,"href":"https:\/\/ipda.com.uy\/site\/wp-json\/wp\/v2\/pages\/17\/revisions\/2368"}],"wp:attachment":[{"href":"https:\/\/ipda.com.uy\/site\/wp-json\/wp\/v2\/media?parent=17"}],"curies":[{"name":"wp","href":"https:\/\/api.w.org\/{rel}","templated":true}]}}