{"id":15,"date":"2024-09-24T17:22:13","date_gmt":"2024-09-24T20:22:13","guid":{"rendered":"https:\/\/ipda.com.uy\/site\/services\/"},"modified":"2026-04-23T11:35:58","modified_gmt":"2026-04-23T14:35:58","slug":"radio","status":"publish","type":"page","link":"https:\/\/ipda.com.uy\/site\/radio\/","title":{"rendered":"Radio"},"content":{"rendered":"\n<div class=\"wp-block-uagb-container uagb-block-40410bba alignfull uagb-is-root-container\"><div class=\"uagb-container-inner-blocks-wrap\">\n<div class=\"wp-block-uagb-advanced-heading uagb-block-53f67c32\"><h1 class=\"uagb-heading-text\">Radio en vivo<\/h1><\/div>\n<\/div><\/div>\n\n\n\n<div class=\"wp-block-uagb-container uagb-block-37911020 alignfull uagb-is-root-container\"><div class=\"uagb-container-inner-blocks-wrap\">\n<div class=\"wp-block-uagb-advanced-heading uagb-block-64c7be02\"><h2 class=\"uagb-heading-text\">24 Horas en vivo<\/h2><p class=\"uagb-desc-text\">\u00abLa Voz de la Liberaci\u00f3n\u00bb<\/p><\/div>\n\n\n\n<iframe src=\"https:\/\/radio.elfarohosting.com\/public\/radio_dios_es_amor_uruguay\/embed?bg_color=fafafa&#038;hide_progress=1&#038;rounded=1\" frameborder=\"0\" allowtransparency=\"true\" style=\"width: 100%; min-height: 150px; height: 150px; border: 0;\"><\/iframe>\n\n\n\n<div class=\"wp-block-uagb-container uagb-block-d8ac2f0a alignfull uagb-is-root-container\"><div class=\"uagb-container-inner-blocks-wrap\">\n<div class=\"wp-block-uagb-advanced-heading uagb-block-443fec0f\"><h2 class=\"uagb-heading-text\">Programaci\u00f3n radial<\/h2><p class=\"uagb-desc-text\">\u00abLa Voz de la Liberaci\u00f3n\u00bb<\/p><\/div>\n\n\n\n<div class=\"wp-block-uagb-container uagb-block-5141d019\">\n<div class=\"wp-block-uagb-info-box uagb-block-29a4c794 uagb-infobox__content-wrap  uagb-infobox-icon-above-title uagb-infobox-image-valign-top wp-block-uagb-info-box--has-margin\"><div class=\"uagb-infobox-margin-wrapper\"><div class=\"uagb-ifb-content\"><div class=\"uagb-ifb-icon-wrap\"><svg xmlns=\"https:\/\/www.w3.org\/2000\/svg\" viewBox=\"0 0 576 512\"><path d=\"M160.9 59.01C149.3 52.6 134.7 56.76 128.3 68.39C117.6 87.6 112 109.4 112 131.4c0 19.03 4.031 37.44 11.98 54.62c4.047 8.777 12.73 13.93 21.8 13.93c3.375 0 6.797-.7187 10.05-2.219C167.9 192.2 173.1 177.1 167.5 165.9C162.5 155.1 160 143.5 160 131.4c0-13.93 3.547-27.69 10.25-39.81C176.7 80.04 172.5 65.42 160.9 59.01zM62.61 2.363C46.17-4.32 27.58 3.676 20.95 20.02C7.047 54.36 0 90.69 0 127.1C0 165.3 7.047 201.7 20.95 236C25.98 248.5 37.97 256 50.63 256C54.61 256 58.69 255.3 62.61 253.7C79 247 86.91 228.4 80.27 212C69.47 185.3 64 157.1 64 128c0-29.06 5.469-57.3 16.27-83.99C86.91 27.64 79 8.988 62.61 2.363zM555 20.02c-6.609-16.41-25.23-24.31-41.66-17.66c-16.39 6.625-24.3 25.28-17.66 41.65C506.5 70.7 512 98.95 512 128c0 29.06-5.469 57.31-16.27 83.1C489.1 228.4 497 247 513.4 253.7C517.3 255.3 521.4 256 525.4 256c12.66 0 24.64-7.562 29.67-20C568.1 201.7 576 165.3 576 127.1C576 90.69 568.1 54.36 555 20.02zM420.2 58.23c-12.03 5.562-17.28 19.81-11.72 31.84C413.5 100.9 416 112.5 416 124.6c0 13.94-3.547 27.69-10.25 39.81c-6.422 11.59-2.219 26.22 9.375 32.62c3.688 2.031 7.672 3 11.61 3c8.438 0 16.64-4.47 21.02-12.37C458.4 168.4 464 146.6 464 124.6c0-19.03-4.031-37.43-11.98-54.62C446.5 57.89 432.1 52.7 420.2 58.23zM301.8 65.45C260.5 56.78 224 88.13 224 128c0 23.63 12.95 44.04 32 55.12v296.9c0 17.67 14.33 32 32 32s32-14.33 32-32V183.1c23.25-13.54 37.42-40.96 30.03-71.18C344.4 88.91 325 70.31 301.8 65.45z\"><\/path><\/svg><\/div><div class=\"uagb-ifb-title-wrap\"><h3 class=\"uagb-ifb-title\">Programaci\u00f3n<\/h3><\/div><p class=\"uagb-ifb-desc\">Un espacio de esperanza y fe. Con m\u00fasica que anima y testimonios de vida que inspiran, tras un encuentro con Dios<\/p><\/div><\/div><\/div>\n\n\n\n<div class=\"wp-block-uagb-info-box uagb-block-d6fe9562 uagb-infobox__content-wrap  uagb-infobox-icon-above-title uagb-infobox-image-valign-top\"><div class=\"uagb-ifb-content\"><div class=\"uagb-ifb-icon-wrap\"><svg xmlns=\"https:\/\/www.w3.org\/2000\/svg\" viewBox=\"0 0 512 512\"><path d=\"M447.1 128L218.5 128l276.2-80.97c12.72-3.734 19.1-17.06 16.28-29.78c-3.719-12.7-16.1-19.1-29.78-16.28L51.75 126.9c-29.07 8.512-49.55 34.8-51.39 64.78L.0007 192v255.1c0 35.31 28.69 63.1 63.1 63.1h383.1c35.31 0 63.1-28.69 63.1-63.1V192C511.1 156.7 483.3 128 447.1 128zM80 248c0-4.406 3.594-7.1 7.1-7.1h111.1c4.406 0 7.1 3.594 7.1 7.1V263.1c0 4.406-3.594 7.1-7.1 7.1h-111.1c-4.406 0-7.1-3.594-7.1-7.1V248zM208 391.1c0 4.406-3.594 7.1-7.1 7.1h-111.1c-4.406 0-7.1-3.594-7.1-7.1v-15.1c0-4.406 3.594-7.1 7.1-7.1h111.1c4.406 0 7.1 3.594 7.1 7.1V391.1zM224 327.1c0 4.406-3.594 7.1-7.1 7.1H72c-4.406 0-7.1-3.594-7.1-7.1V311.1c0-4.406 3.594-7.1 7.1-7.1h143.1c4.406 0 7.1 3.594 7.1 7.1V327.1zM367.1 399.1c-44.16 0-80-35.84-80-79.1s35.84-80 80-80s79.1 35.85 79.1 80S412.2 399.1 367.1 399.1z\"><\/path><\/svg><\/div><div class=\"uagb-ifb-title-wrap\"><h3 class=\"uagb-ifb-title\">24 horas de compa\u00f1\u00eda.<\/h3><\/div><p class=\"uagb-ifb-desc\">Fortaleza y aliento para quienes reciben la Palabra de Dios emitida aqu\u00ed y las oraciones impartidas.<\/p><\/div><\/div>\n\n\n\n<div class=\"wp-block-uagb-info-box uagb-block-b07acd79 uagb-infobox__content-wrap  uagb-infobox-icon-above-title uagb-infobox-image-valign-top\"><div class=\"uagb-ifb-content\"><div class=\"uagb-ifb-icon-wrap\"><svg xmlns=\"https:\/\/www.w3.org\/2000\/svg\" viewBox=\"0 0 384 512\"><path d=\"M192 352c53.03 0 96-42.97 96-96h-80C199.2 256 192 248.8 192 240S199.2 224 208 224H288V192h-80C199.2 192 192 184.8 192 176S199.2 160 208 160H288V127.1h-80c-8.836 0-16-7.164-16-16s7.164-16 16-16L288 96c0-53.03-42.97-96-96-96s-96 42.97-96 96v160C96 309 138.1 352 192 352zM344 192C330.7 192 320 202.7 320 215.1V256c0 73.33-61.97 132.4-136.3 127.7c-66.08-4.169-119.7-66.59-119.7-132.8L64 215.1C64 202.7 53.25 192 40 192S16 202.7 16 215.1v32.15c0 89.66 63.97 169.6 152 181.7V464H128c-18.19 0-32.84 15.18-31.96 33.57C96.43 505.8 103.8 512 112 512h160c8.222 0 15.57-6.216 15.96-14.43C288.8 479.2 274.2 464 256 464h-40v-33.77C301.7 418.5 368 344.9 368 256V215.1C368 202.7 357.3 192 344 192z\"><\/path><\/svg><\/div><div class=\"uagb-ifb-title-wrap\"><h3 class=\"uagb-ifb-title\">Multiplataforma<\/h3><\/div><p class=\"uagb-ifb-desc\">En diversas plataformas de internet y radios de aire, a trav\u00e9s de todos los medios posibles, comunicamos la Palabra de Dios.<\/p><\/div><\/div>\n<\/div>\n<\/div><\/div>\n<\/div><\/div>\n\n\n\n<div class=\"wp-block-uagb-container uagb-layout-flex uagb-block-f1b94bb8 alignfull uagb-is-root-container\"><div class=\"uagb-container-inner-blocks-wrap\">\n<div class=\"wp-block-uagb-call-to-action uagb-block-069ef7f7 wp-block-button\"><div class=\"uagb-cta__wrap\"><h4 class=\"uagb-cta__title\">Cont\u00e1ctanos hoy recibe consejer\u00eda o m\u00e1s informaci\u00f3n sobre nuestros eventos:<\/h4><p class=\"uagb-cta__desc\">Click here to change this text. Lorem ipsum dolor sit amet, consectetur adipiscing elit. Ut elit tellus, luctus nec ullamcorper mattis, pulvinar dapibus leo.<\/p><\/div><div class=\"uagb-cta__buttons\"><a href=\"https:\/\/wa.me\/59898288810\" class=\"uagb-cta__button-link-wrapper wp-block-button__link\" target=\"_blank\" rel=\"noopener noreferrer\">098 288 810<svg xmlns=\"https:\/\/www.w3.org\/2000\/svg\" viewBox=\"0 0 448 512\"><path d=\"M380.9 97.1C339 55.1 283.2 32 223.9 32c-122.4 0-222 99.6-222 222 0 39.1 10.2 77.3 29.6 111L0 480l117.7-30.9c32.4 17.7 68.9 27 106.1 27h.1c122.3 0 224.1-99.6 224.1-222 0-59.3-25.2-115-67.1-157zm-157 341.6c-33.2 0-65.7-8.9-94-25.7l-6.7-4-69.8 18.3L72 359.2l-4.4-7c-18.5-29.4-28.2-63.3-28.2-98.2 0-101.7 82.8-184.5 184.6-184.5 49.3 0 95.6 19.2 130.4 54.1 34.8 34.9 56.2 81.2 56.1 130.5 0 101.8-84.9 184.6-186.6 184.6zm101.2-138.2c-5.5-2.8-32.8-16.2-37.9-18-5.1-1.9-8.8-2.8-12.5 2.8-3.7 5.6-14.3 18-17.6 21.8-3.2 3.7-6.5 4.2-12 1.4-32.6-16.3-54-29.1-75.5-66-5.7-9.8 5.7-9.1 16.3-30.3 1.8-3.7 .9-6.9-.5-9.7-1.4-2.8-12.5-30.1-17.1-41.2-4.5-10.8-9.1-9.3-12.5-9.5-3.2-.2-6.9-.2-10.6-.2-3.7 0-9.7 1.4-14.8 6.9-5.1 5.6-19.4 19-19.4 46.3 0 27.3 19.9 53.7 22.6 57.4 2.8 3.7 39.1 59.7 94.8 83.8 35.2 15.2 49 16.5 66.6 13.9 10.7-1.6 32.8-13.4 37.4-26.4 4.6-13 4.6-24.1 3.2-26.4-1.3-2.5-5-3.9-10.5-6.6z\"><\/path><\/svg><\/a><\/div><\/div>\n<\/div><\/div>\n\n\n\n<div class=\"wp-block-uagb-container uagb-layout-grid uagb-block-479cb1cf alignfull uagb-is-root-container\"><div class=\"uagb-container-inner-blocks-wrap\">\n<figure class=\"wp-block-image size-full\"><img loading=\"lazy\" decoding=\"async\" width=\"1032\" height=\"1028\" src=\"https:\/\/ipda.com.uy\/site\/wp-content\/uploads\/2024\/09\/PrSamuel-Radio.jpg\" alt=\"\" class=\"wp-image-2308\" srcset=\"https:\/\/ipda.com.uy\/site\/wp-content\/uploads\/2024\/09\/PrSamuel-Radio.jpg 1032w, https:\/\/ipda.com.uy\/site\/wp-content\/uploads\/2024\/09\/PrSamuel-Radio-300x300.jpg 300w, https:\/\/ipda.com.uy\/site\/wp-content\/uploads\/2024\/09\/PrSamuel-Radio-1024x1020.jpg 1024w, https:\/\/ipda.com.uy\/site\/wp-content\/uploads\/2024\/09\/PrSamuel-Radio-150x150.jpg 150w, https:\/\/ipda.com.uy\/site\/wp-content\/uploads\/2024\/09\/PrSamuel-Radio-768x765.jpg 768w\" sizes=\"auto, (max-width: 1032px) 100vw, 1032px\" \/><\/figure>\n\n\n\n<div class=\"wp-block-uagb-container uagb-block-d1051689\">\n<div class=\"wp-block-uagb-advanced-heading uagb-block-11201cf8\"><h2 class=\"uagb-heading-text\">Algunos programas:<\/h2><\/div>\n\n\n<div class=\"wp-block-uagb-faq uagb-faq__outer-wrap uagb-block-f833a6ad uagb-faq-icon-row-reverse uagb-faq-layout-accordion uagb-faq-expand-first-false uagb-faq-inactive-other-true uagb-faq__wrap uagb-buttons-layout-wrap uagb-faq-equal-height     \" data-faqtoggle=\"true\" role=\"tablist\"><div class=\"wp-block-uagb-faq-child uagb-faq-child__outer-wrap uagb-faq-item uagb-block-47d53bf0 \" role=\"tab\" tabindex=\"0\"><div class=\"uagb-faq-questions-button uagb-faq-questions\">\t\t\t<span class=\"uagb-icon uagb-faq-icon-wrap\">\n\t\t\t\t\t\t\t<\/span>\n\t\t\t\t\t\t<span class=\"uagb-icon-active uagb-faq-icon-wrap\">\n\t\t\t\t\t\t\t\t<svg xmlns=\"https:\/\/www.w3.org\/2000\/svg\" viewBox= \"0 0 320 512\"><path d=\"M9.39 265.4l127.1-128C143.6 131.1 151.8 128 160 128s16.38 3.125 22.63 9.375l127.1 128c9.156 9.156 11.9 22.91 6.943 34.88S300.9 320 287.1 320H32.01c-12.94 0-24.62-7.781-29.58-19.75S.2333 274.5 9.39 265.4z\"><\/path><\/svg>\n\t\t\t\t\t\t\t<\/span>\n\t\t\t<span class=\"uagb-question\">\u00abEsperanza Viva\u00bb<\/span><\/div><div class=\"uagb-faq-content\"><p>Es un espacio dedicado a aquellos que se encuentran privados de libertad y a sus familiares. Compartimos testimonios de vidas transformadas por el poder de Dios, brindando un mensaje de esperanza y renovaci\u00f3n.<\/p><\/div><\/div><div class=\"wp-block-uagb-faq-child uagb-faq-child__outer-wrap uagb-faq-item uagb-block-839b0cfe \" role=\"tab\" tabindex=\"0\"><div class=\"uagb-faq-questions-button uagb-faq-questions\">\t\t\t<span class=\"uagb-icon uagb-faq-icon-wrap\">\n\t\t\t\t\t\t\t<\/span>\n\t\t\t\t\t\t<span class=\"uagb-icon-active uagb-faq-icon-wrap\">\n\t\t\t\t\t\t\t\t<svg xmlns=\"https:\/\/www.w3.org\/2000\/svg\" viewBox= \"0 0 320 512\"><path d=\"M9.39 265.4l127.1-128C143.6 131.1 151.8 128 160 128s16.38 3.125 22.63 9.375l127.1 128c9.156 9.156 11.9 22.91 6.943 34.88S300.9 320 287.1 320H32.01c-12.94 0-24.62-7.781-29.58-19.75S.2333 274.5 9.39 265.4z\"><\/path><\/svg>\n\t\t\t\t\t\t\t<\/span>\n\t\t\t<span class=\"uagb-question\">\u00abHogar Cristiano\u00bb<\/span><\/div><div class=\"uagb-faq-content\"><p>Este espacio radial informa sobre las actividades del ministerio desarrollado por mujeres que sirven a Dios y a la comunidad, organizadas en el proyecto \u00abMujeres de Fe\u00bb.<\/p><\/div><\/div><div class=\"wp-block-uagb-faq-child uagb-faq-child__outer-wrap uagb-faq-item uagb-block-f6fc6c68 \" role=\"tab\" tabindex=\"0\"><div class=\"uagb-faq-questions-button uagb-faq-questions\">\t\t\t<span class=\"uagb-icon uagb-faq-icon-wrap\">\n\t\t\t\t\t\t\t<\/span>\n\t\t\t\t\t\t<span class=\"uagb-icon-active uagb-faq-icon-wrap\">\n\t\t\t\t\t\t\t\t<svg xmlns=\"https:\/\/www.w3.org\/2000\/svg\" viewBox= \"0 0 320 512\"><path d=\"M9.39 265.4l127.1-128C143.6 131.1 151.8 128 160 128s16.38 3.125 22.63 9.375l127.1 128c9.156 9.156 11.9 22.91 6.943 34.88S300.9 320 287.1 320H32.01c-12.94 0-24.62-7.781-29.58-19.75S.2333 274.5 9.39 265.4z\"><\/path><\/svg>\n\t\t\t\t\t\t\t<\/span>\n\t\t\t<span class=\"uagb-question\">\u00abUn momento para la mujer\u00bb<\/span><\/div><div class=\"uagb-faq-content\"><p><strong>Un Momento para la Mujer<\/strong><br>En un tiempo de reflexi\u00f3n y realidad, Graciela Ojeda (comunicadora y predicadora de la Palabra) nos muestra que la Palabra de Dios es el ancla, la fuente de paz y fe para cada mujer, y a trav\u00e9s de ella, para el entorno que la rodea.<\/p><\/div><\/div><div class=\"wp-block-uagb-faq-child uagb-faq-child__outer-wrap uagb-faq-item uagb-block-a03fa462 \" role=\"tab\" tabindex=\"0\"><div class=\"uagb-faq-questions-button uagb-faq-questions\">\t\t\t<span class=\"uagb-icon uagb-faq-icon-wrap\">\n\t\t\t\t\t\t\t<\/span>\n\t\t\t\t\t\t<span class=\"uagb-icon-active uagb-faq-icon-wrap\">\n\t\t\t\t\t\t\t\t<svg xmlns=\"https:\/\/www.w3.org\/2000\/svg\" viewBox= \"0 0 320 512\"><path d=\"M9.39 265.4l127.1-128C143.6 131.1 151.8 128 160 128s16.38 3.125 22.63 9.375l127.1 128c9.156 9.156 11.9 22.91 6.943 34.88S300.9 320 287.1 320H32.01c-12.94 0-24.62-7.781-29.58-19.75S.2333 274.5 9.39 265.4z\"><\/path><\/svg>\n\t\t\t\t\t\t\t<\/span>\n\t\t\t<span class=\"uagb-question\">\u00abExpansi\u00f3n al Aire\u00bb<\/span><\/div><div class=\"uagb-faq-content\"><p>Conducido por los j\u00f3venes del ministerio \u00abExpansi\u00f3n Joven\u00bb, este programa da a conocer diversas actividades, como evangel\u00edsmo, visitas a anexos, reuniones de alabanza, cultos juveniles y jornadas de recreaci\u00f3n. Todo esto se presenta en un vocabulario juvenil, creando un ambiente lleno de risas y diversi\u00f3n.<\/p><\/div><\/div><\/div><\/div>\n<\/div><\/div>\n\n\n\n<div class=\"wp-block-uagb-container uagb-block-c85c0d53 alignfull uagb-is-root-container\"><div class=\"uagb-container-inner-blocks-wrap\"><\/div><\/div>\n","protected":false},"excerpt":{"rendered":"<p>Radio en vivo 24 Horas en vivo \u00abLa Voz de la Liberaci\u00f3n\u00bb Algunos programas:<\/p>\n","protected":false},"author":1,"featured_media":0,"parent":0,"menu_order":0,"comment_status":"closed","ping_status":"closed","template":"","meta":{"_uag_custom_page_level_css":"","site-sidebar-layout":"default","site-content-layout":"","ast-site-content-layout":"default","site-content-style":"default","site-sidebar-style":"default","ast-global-header-display":"","ast-banner-title-visibility":"","ast-main-header-display":"","ast-hfb-above-header-display":"","ast-hfb-below-header-display":"","ast-hfb-mobile-header-display":"","site-post-title":"disabled","ast-breadcrumbs-content":"","ast-featured-img":"","footer-sml-layout":"","ast-disable-related-posts":"","theme-transparent-header-meta":"","adv-header-id-meta":"","stick-header-meta":"","header-above-stick-meta":"","header-main-stick-meta":"","header-below-stick-meta":"","astra-migrate-meta-layouts":"set","ast-page-background-enabled":"default","ast-page-background-meta":{"desktop":{"background-color":"var(--ast-global-color-4)","background-image":"","background-repeat":"repeat","background-position":"center center","background-size":"auto","background-attachment":"scroll","background-type":"","background-media":"","overlay-type":"","overlay-color":"","overlay-opacity":"","overlay-gradient":""},"tablet":{"background-color":"","background-image":"","background-repeat":"repeat","background-position":"center center","background-size":"auto","background-attachment":"scroll","background-type":"","background-media":"","overlay-type":"","overlay-color":"","overlay-opacity":"","overlay-gradient":""},"mobile":{"background-color":"","background-image":"","background-repeat":"repeat","background-position":"center center","background-size":"auto","background-attachment":"scroll","background-type":"","background-media":"","overlay-type":"","overlay-color":"","overlay-opacity":"","overlay-gradient":""}},"ast-content-background-meta":{"desktop":{"background-color":"var(--ast-global-color-5)","background-image":"","background-repeat":"repeat","background-position":"center center","background-size":"auto","background-attachment":"scroll","background-type":"","background-media":"","overlay-type":"","overlay-color":"","overlay-opacity":"","overlay-gradient":""},"tablet":{"background-color":"var(--ast-global-color-5)","background-image":"","background-repeat":"repeat","background-position":"center center","background-size":"auto","background-attachment":"scroll","background-type":"","background-media":"","overlay-type":"","overlay-color":"","overlay-opacity":"","overlay-gradient":""},"mobile":{"background-color":"var(--ast-global-color-5)","background-image":"","background-repeat":"repeat","background-position":"center center","background-size":"auto","background-attachment":"scroll","background-type":"","background-media":"","overlay-type":"","overlay-color":"","overlay-opacity":"","overlay-gradient":""}},"footnotes":""},"class_list":["post-15","page","type-page","status-publish","hentry"],"yoast_head":"<!-- This site is optimized with the Yoast SEO plugin v27.0 - https:\/\/yoast.com\/product\/yoast-seo-wordpress\/ -->\n<title>Radio - IPDA Uruguay<\/title>\n<meta name=\"description\" content=\"La Voz de la Liberaci\u00f3n: un programa radial de fe y esperanza, con m\u00fasica, testimonios y la Palabra de Dios. 24 horas de compa\u00f1\u00eda.\" \/>\n<meta name=\"robots\" content=\"index, follow, max-snippet:-1, max-image-preview:large, max-video-preview:-1\" \/>\n<link rel=\"canonical\" href=\"https:\/\/ipda.com.uy\/site\/radio\/\" \/>\n<meta property=\"og:locale\" content=\"es_ES\" \/>\n<meta property=\"og:type\" content=\"article\" \/>\n<meta property=\"og:title\" content=\"Radio - IPDA Uruguay\" \/>\n<meta property=\"og:description\" content=\"La Voz de la Liberaci\u00f3n: un programa radial de fe y esperanza, con m\u00fasica, testimonios y la Palabra de Dios. 24 horas de compa\u00f1\u00eda.\" \/>\n<meta property=\"og:url\" content=\"https:\/\/ipda.com.uy\/site\/radio\/\" \/>\n<meta property=\"og:site_name\" content=\"IPDA Uruguay\" \/>\n<meta property=\"article:publisher\" content=\"https:\/\/www.facebook.com\/ipdacomuy\" \/>\n<meta property=\"article:modified_time\" content=\"2026-04-23T14:35:58+00:00\" \/>\n<meta property=\"og:image\" content=\"https:\/\/ipda.com.uy\/site\/wp-content\/uploads\/2024\/09\/PrSamuel-Radio.jpg\" \/>\n\t<meta property=\"og:image:width\" content=\"1032\" \/>\n\t<meta property=\"og:image:height\" content=\"1028\" \/>\n\t<meta property=\"og:image:type\" content=\"image\/jpeg\" \/>\n<meta name=\"twitter:card\" content=\"summary_large_image\" \/>\n<meta name=\"twitter:label1\" content=\"Est. reading time\" \/>\n\t<meta name=\"twitter:data1\" content=\"1 minuto\" \/>\n<script type=\"application\/ld+json\" class=\"yoast-schema-graph\">{\"@context\":\"https:\/\/schema.org\",\"@graph\":[{\"@type\":\"WebPage\",\"@id\":\"https:\/\/ipda.com.uy\/site\/radio\/\",\"url\":\"https:\/\/ipda.com.uy\/site\/radio\/\",\"name\":\"Radio - IPDA Uruguay\",\"isPartOf\":{\"@id\":\"https:\/\/ipda.com.uy\/site\/#website\"},\"primaryImageOfPage\":{\"@id\":\"https:\/\/ipda.com.uy\/site\/radio\/#primaryimage\"},\"image\":{\"@id\":\"https:\/\/ipda.com.uy\/site\/radio\/#primaryimage\"},\"thumbnailUrl\":\"https:\/\/ipda.com.uy\/site\/wp-content\/uploads\/2024\/09\/PrSamuel-Radio.jpg\",\"datePublished\":\"2024-09-24T20:22:13+00:00\",\"dateModified\":\"2026-04-23T14:35:58+00:00\",\"description\":\"La Voz de la Liberaci\u00f3n: un programa radial de fe y esperanza, con m\u00fasica, testimonios y la Palabra de Dios. 24 horas de compa\u00f1\u00eda.\",\"breadcrumb\":{\"@id\":\"https:\/\/ipda.com.uy\/site\/radio\/#breadcrumb\"},\"inLanguage\":\"es-UY\",\"potentialAction\":[{\"@type\":\"ReadAction\",\"target\":[\"https:\/\/ipda.com.uy\/site\/radio\/\"]}]},{\"@type\":\"ImageObject\",\"inLanguage\":\"es-UY\",\"@id\":\"https:\/\/ipda.com.uy\/site\/radio\/#primaryimage\",\"url\":\"https:\/\/ipda.com.uy\/site\/wp-content\/uploads\/2024\/09\/PrSamuel-Radio.jpg\",\"contentUrl\":\"https:\/\/ipda.com.uy\/site\/wp-content\/uploads\/2024\/09\/PrSamuel-Radio.jpg\",\"width\":1032,\"height\":1028},{\"@type\":\"BreadcrumbList\",\"@id\":\"https:\/\/ipda.com.uy\/site\/radio\/#breadcrumb\",\"itemListElement\":[{\"@type\":\"ListItem\",\"position\":1,\"name\":\"Home\",\"item\":\"https:\/\/ipda.com.uy\/site\/\"},{\"@type\":\"ListItem\",\"position\":2,\"name\":\"Radio\"}]},{\"@type\":\"WebSite\",\"@id\":\"https:\/\/ipda.com.uy\/site\/#website\",\"url\":\"https:\/\/ipda.com.uy\/site\/\",\"name\":\"IPDA Uruguay\",\"description\":\"Iglesia Pentecostal Dios es Amor en Uruguay\",\"publisher\":{\"@id\":\"https:\/\/ipda.com.uy\/site\/#organization\"},\"alternateName\":\"ipda.com.uy\",\"potentialAction\":[{\"@type\":\"SearchAction\",\"target\":{\"@type\":\"EntryPoint\",\"urlTemplate\":\"https:\/\/ipda.com.uy\/site\/?s={search_term_string}\"},\"query-input\":{\"@type\":\"PropertyValueSpecification\",\"valueRequired\":true,\"valueName\":\"search_term_string\"}}],\"inLanguage\":\"es-UY\"},{\"@type\":\"Organization\",\"@id\":\"https:\/\/ipda.com.uy\/site\/#organization\",\"name\":\"IPDA Uruguay\",\"url\":\"https:\/\/ipda.com.uy\/site\/\",\"logo\":{\"@type\":\"ImageObject\",\"inLanguage\":\"es-UY\",\"@id\":\"https:\/\/ipda.com.uy\/site\/#\/schema\/logo\/image\/\",\"url\":\"https:\/\/ipda.com.uy\/site\/wp-content\/uploads\/2024\/10\/cropped-LOGO-IPDA-GOOGLEPLAY.jpg\",\"contentUrl\":\"https:\/\/ipda.com.uy\/site\/wp-content\/uploads\/2024\/10\/cropped-LOGO-IPDA-GOOGLEPLAY.jpg\",\"width\":512,\"height\":512,\"caption\":\"IPDA Uruguay\"},\"image\":{\"@id\":\"https:\/\/ipda.com.uy\/site\/#\/schema\/logo\/image\/\"},\"sameAs\":[\"https:\/\/www.facebook.com\/ipdacomuy\",\"https:\/\/www.instagram.com\/ipdauruguay\/\",\"https:\/\/www.youtube.com\/@ipdauruguay733\"]}]}<\/script>\n<!-- \/ Yoast SEO plugin. -->","yoast_head_json":{"title":"Radio - IPDA Uruguay","description":"La Voz de la Liberaci\u00f3n: un programa radial de fe y esperanza, con m\u00fasica, testimonios y la Palabra de Dios. 24 horas de compa\u00f1\u00eda.","robots":{"index":"index","follow":"follow","max-snippet":"max-snippet:-1","max-image-preview":"max-image-preview:large","max-video-preview":"max-video-preview:-1"},"canonical":"https:\/\/ipda.com.uy\/site\/radio\/","og_locale":"es_ES","og_type":"article","og_title":"Radio - IPDA Uruguay","og_description":"La Voz de la Liberaci\u00f3n: un programa radial de fe y esperanza, con m\u00fasica, testimonios y la Palabra de Dios. 24 horas de compa\u00f1\u00eda.","og_url":"https:\/\/ipda.com.uy\/site\/radio\/","og_site_name":"IPDA Uruguay","article_publisher":"https:\/\/www.facebook.com\/ipdacomuy","article_modified_time":"2026-04-23T14:35:58+00:00","og_image":[{"width":1032,"height":1028,"url":"https:\/\/ipda.com.uy\/site\/wp-content\/uploads\/2024\/09\/PrSamuel-Radio.jpg","type":"image\/jpeg"}],"twitter_card":"summary_large_image","twitter_misc":{"Est. reading time":"1 minuto"},"schema":{"@context":"https:\/\/schema.org","@graph":[{"@type":"WebPage","@id":"https:\/\/ipda.com.uy\/site\/radio\/","url":"https:\/\/ipda.com.uy\/site\/radio\/","name":"Radio - IPDA Uruguay","isPartOf":{"@id":"https:\/\/ipda.com.uy\/site\/#website"},"primaryImageOfPage":{"@id":"https:\/\/ipda.com.uy\/site\/radio\/#primaryimage"},"image":{"@id":"https:\/\/ipda.com.uy\/site\/radio\/#primaryimage"},"thumbnailUrl":"https:\/\/ipda.com.uy\/site\/wp-content\/uploads\/2024\/09\/PrSamuel-Radio.jpg","datePublished":"2024-09-24T20:22:13+00:00","dateModified":"2026-04-23T14:35:58+00:00","description":"La Voz de la Liberaci\u00f3n: un programa radial de fe y esperanza, con m\u00fasica, testimonios y la Palabra de Dios. 24 horas de compa\u00f1\u00eda.","breadcrumb":{"@id":"https:\/\/ipda.com.uy\/site\/radio\/#breadcrumb"},"inLanguage":"es-UY","potentialAction":[{"@type":"ReadAction","target":["https:\/\/ipda.com.uy\/site\/radio\/"]}]},{"@type":"ImageObject","inLanguage":"es-UY","@id":"https:\/\/ipda.com.uy\/site\/radio\/#primaryimage","url":"https:\/\/ipda.com.uy\/site\/wp-content\/uploads\/2024\/09\/PrSamuel-Radio.jpg","contentUrl":"https:\/\/ipda.com.uy\/site\/wp-content\/uploads\/2024\/09\/PrSamuel-Radio.jpg","width":1032,"height":1028},{"@type":"BreadcrumbList","@id":"https:\/\/ipda.com.uy\/site\/radio\/#breadcrumb","itemListElement":[{"@type":"ListItem","position":1,"name":"Home","item":"https:\/\/ipda.com.uy\/site\/"},{"@type":"ListItem","position":2,"name":"Radio"}]},{"@type":"WebSite","@id":"https:\/\/ipda.com.uy\/site\/#website","url":"https:\/\/ipda.com.uy\/site\/","name":"IPDA Uruguay","description":"Iglesia Pentecostal Dios es Amor en Uruguay","publisher":{"@id":"https:\/\/ipda.com.uy\/site\/#organization"},"alternateName":"ipda.com.uy","potentialAction":[{"@type":"SearchAction","target":{"@type":"EntryPoint","urlTemplate":"https:\/\/ipda.com.uy\/site\/?s={search_term_string}"},"query-input":{"@type":"PropertyValueSpecification","valueRequired":true,"valueName":"search_term_string"}}],"inLanguage":"es-UY"},{"@type":"Organization","@id":"https:\/\/ipda.com.uy\/site\/#organization","name":"IPDA Uruguay","url":"https:\/\/ipda.com.uy\/site\/","logo":{"@type":"ImageObject","inLanguage":"es-UY","@id":"https:\/\/ipda.com.uy\/site\/#\/schema\/logo\/image\/","url":"https:\/\/ipda.com.uy\/site\/wp-content\/uploads\/2024\/10\/cropped-LOGO-IPDA-GOOGLEPLAY.jpg","contentUrl":"https:\/\/ipda.com.uy\/site\/wp-content\/uploads\/2024\/10\/cropped-LOGO-IPDA-GOOGLEPLAY.jpg","width":512,"height":512,"caption":"IPDA Uruguay"},"image":{"@id":"https:\/\/ipda.com.uy\/site\/#\/schema\/logo\/image\/"},"sameAs":["https:\/\/www.facebook.com\/ipdacomuy","https:\/\/www.instagram.com\/ipdauruguay\/","https:\/\/www.youtube.com\/@ipdauruguay733"]}]}},"uagb_featured_image_src":{"full":false,"thumbnail":false,"medium":false,"medium_large":false,"large":false,"1536x1536":false,"2048x2048":false},"uagb_author_info":{"display_name":"ipda-uy","author_link":"https:\/\/ipda.com.uy\/site\/author\/ipda-uy\/"},"uagb_comment_info":0,"uagb_excerpt":"Radio en vivo 24 Horas en vivo \u00abLa Voz de la Liberaci\u00f3n\u00bb Algunos programas:","_links":{"self":[{"href":"https:\/\/ipda.com.uy\/site\/wp-json\/wp\/v2\/pages\/15","targetHints":{"allow":["GET"]}}],"collection":[{"href":"https:\/\/ipda.com.uy\/site\/wp-json\/wp\/v2\/pages"}],"about":[{"href":"https:\/\/ipda.com.uy\/site\/wp-json\/wp\/v2\/types\/page"}],"author":[{"embeddable":true,"href":"https:\/\/ipda.com.uy\/site\/wp-json\/wp\/v2\/users\/1"}],"replies":[{"embeddable":true,"href":"https:\/\/ipda.com.uy\/site\/wp-json\/wp\/v2\/comments?post=15"}],"version-history":[{"count":10,"href":"https:\/\/ipda.com.uy\/site\/wp-json\/wp\/v2\/pages\/15\/revisions"}],"predecessor-version":[{"id":2878,"href":"https:\/\/ipda.com.uy\/site\/wp-json\/wp\/v2\/pages\/15\/revisions\/2878"}],"wp:attachment":[{"href":"https:\/\/ipda.com.uy\/site\/wp-json\/wp\/v2\/media?parent=15"}],"curies":[{"name":"wp","href":"https:\/\/api.w.org\/{rel}","templated":true}]}}